{"id":79,"date":"2014-10-20T13:32:30","date_gmt":"2014-10-20T13:32:30","guid":{"rendered":"http:\/\/www.urban-architecture.com\/?page_id=79"},"modified":"2019-07-04T10:50:35","modified_gmt":"2019-07-04T09:50:35","slug":"79-2","status":"publish","type":"page","link":"https:\/\/www.urban-architecture.com\/?page_id=79","title":{"rendered":"Lehre"},"content":{"rendered":"<p>10\/17<br \/>\nMi casa mi cuidad Buenos Aires\u00a0\u00a0\u00a0\u00a0\u00a0 \u00a0 \u00a0 \u00a0 \u00a0\u00a0\u00a0\u00a0\u00a0\u00a0\u00a0\u00a0\u00a0\u00a0\u00a0\u00a0\u00a0 \u00a0 \u00a0 \u00a0 \u00a0 \u00a0\u00a0 \u00a0\u00a0 \u00a0 \u00a0 \u00a0 \u00a0 \u00a0 \u00a0 \u00a0 \u00a0 \u00a0 \u00a0 \u00a0 \u00a0 \u00a0 \u00a0 \u00a0 \u00a0 \u00a0 \u00a0 \u00a0 \u00a0 \u00a0 \u00a0 \u00a0 \u00a0 \u00a0 \u00a0 \u00a0 \u00a0 \u00a0 \u00a0 \u00a0 \u00a0 \u00a0 \u00a0 \u00a0 \u00a0 \u00a0 \u00a0 \u00a0 \u00a0 \u00a0 \u00a0 \u00a0 \u00a0 \u00a0 \u00a0\u00a0 \u00a0 \u00a0 \u00a0\u00a0 \u00a0\u00a0 \u00a0\u00a0\u00a0\u00a0\u00a0\u00a0 Studentischer Workshop mit Studenten der Universit\u00e4t Stuttgart, Universidad de Palermo Buenos Aires und der Universidad de Valparaiso Chile im Rahmen der Bienal Internacional de Arquitectura de Buenos Aires. Pr\u00e4sentation der Arbeiten in der Ausstellung Think Global Build Social des Goethe Instituts im Rahmen der Austellung.<\/p>\n<p>10\/17<br \/>\nMi casa mi cuidad Buenos Aires\u00a0\u00a0\u00a0\u00a0\u00a0 \u00a0 \u00a0 \u00a0 \u00a0\u00a0\u00a0\u00a0\u00a0\u00a0\u00a0\u00a0\u00a0\u00a0\u00a0\u00a0\u00a0 \u00a0 \u00a0 \u00a0 \u00a0 \u00a0\u00a0 \u00a0\u00a0 \u00a0 \u00a0 \u00a0 \u00a0 \u00a0 \u00a0 \u00a0 \u00a0 \u00a0 \u00a0 \u00a0 \u00a0 \u00a0 \u00a0 \u00a0 \u00a0 \u00a0 \u00a0 \u00a0 \u00a0 \u00a0 \u00a0 \u00a0 \u00a0 \u00a0 \u00a0 \u00a0 \u00a0 \u00a0 \u00a0 \u00a0 \u00a0 \u00a0 \u00a0 \u00a0 \u00a0 \u00a0 \u00a0 \u00a0 \u00a0 \u00a0 \u00a0 \u00a0 \u00a0 \u00a0 \u00a0\u00a0 \u00a0 \u00a0 \u00a0\u00a0 \u00a0\u00a0 \u00a0\u00a0\u00a0\u00a0\u00a0\u00a0 In Zusammenarbeit mit dem St\u00e4dtebau-Institut Lehrstuhl f\u00fcr St\u00e4dtebau und Entwerfen, Prof. Dr. Martina Baum und dem Walter-Gropius-Lehrstuhl Buenos Aires, Gast-Prof. Markus Vogl<\/p>\n<p>03\/17<br \/>\nInterim Oper Stuttgart, Entwicklung von st\u00e4dtebaulichen und architektonischen Konzepten f\u00fcr das Interimsgeb\u00e4ude w\u00e4hrend der Sanierung der Staatsoper Stuttgart.\u00a0\u00a0\u00a0\u00a0\u00a0\u00a0\u00a0\u00a0\u00a0\u00a0\u00a0\u00a0\u00a0\u00a0\u00a0\u00a0\u00a0\u00a0\u00a0\u00a0\u00a0\u00a0\u00a0 \u00a0 \u00a0 \u00a0\u00a0 \u00a0\u00a0\u00a0\u00a0\u00a0 \u00a0 \u00a0\u00a0\u00a0\u00a0\u00a0\u00a0\u00a0\u00a0\u00a0\u00a0\u00a0\u00a0\u00a0\u00a0 \u00a0 \u00a0 \u00a0 \u00a0 \u00a0 \u00a0 \u00a0 \u00a0 \u00a0\u00a0 \u00a0\u00a0\u00a0 In Zusammenarbeit mit dem Staatstheater Stuttgart. \u00a0\u00a0\u00a0\u00a0\u00a0\u00a0\u00a0\u00a0 \u00a0 \u00a0\u00a0\u00a0\u00a0\u00a0\u00a0\u00a0\u00a0\u00a0\u00a0\u00a0\u00a0\u00a0 \u00a0 \u00a0 \u00a0 \u00a0 \u00a0 \u00a0 \u00a0 \u00a0 \u00a0 \u00a0 \u00a0 \u00a0 \u00a0 \u00a0 \u00a0 \u00a0 \u00a0 \u00a0 \u00a0 \u00a0 \u00a0\u00a0 \u00a0 \u00a0 \u00a0 \u00a0 \u00a0 \u00a0 \u00a0 \u00a0 \u00a0 \u00a0\u00a0 Ausstellung der studentischen Arbeiten.<\/p>\n<p>10\/16<br \/>\nBauen im Bestand Heilbronn, Analyse und Entwicklung von Nutzungskonzepten f\u00fcr ehemaliges Kontorgeb\u00e4ude f\u00fcr den Parit\u00e4tischen Wohlfahrtsverband Baden-W\u00fcrttemberg.\u00a0\u00a0\u00a0\u00a0\u00a0 \u00a0 \u00a0 \u00a0 \u00a0 \u00a0 \u00a0\u00a0\u00a0\u00a0\u00a0\u00a0 \u00a0 \u00a0 \u00a0 \u00a0 \u00a0\u00a0 Ausstellung der studentischen Arbeiten im Rathaus Heilbronn<\/p>\n<p>02\/16<br \/>\nAusstellung der studentischen Arbeiten Sch\u00f6nwald in der Ketterer-Halle der Gemeinde Sch\u00f6nwald<\/p>\n<p>02\/16<br \/>\nSch\u00f6nwald, Analyse und Entwicklung von touristischen und st\u00e4dtebaulichen Konzepten f\u00fcr die Schwarzwaldgemeinde Sch\u00f6nwald in Kooperation mit dem Institut f\u00fcr Landschaftsplanung und \u00d6kologie<\/p>\n<p>01\/16<br \/>\nAusstellung der studentischen Arbeiten Henningareal Metzingen im Rathaus der Stadt Metzingen<\/p>\n<p>09\/15<br \/>\nBetreuung im Rahmen des 10.Studentenworkshops des Deutschen Nationalkomitees f\u00fcr Denkmalschutz Workshop, Analyse und Entwicklung von Nutzungskonzepten f\u00fcr das denkmalgesch\u00fctztes Henning-Areal in Metzingen<\/p>\n<p>03\/15<br \/>\nBauen im Bestand Henningareal Metzingen, Analyse und Entwicklung von Nutzungskonzepten f\u00fcr denkmalgesch\u00fctztes Industrieareal<\/p>\n<p>10\/14<br \/>\nRyokan Japan, Internationaler Entwurf<\/p>\n<p>03\/14<br \/>\nBauen im Bestand Scheuneng\u00fcrtel Ehningen, Analyse und Entwicklung von Nutzungskonzepten in gewachsenen d\u00f6rflichen Strukturen<\/p>\n<p>03\/13<br \/>\nNaturschutzzentrum Konstanz<\/p>\n<p>03\/13<br \/>\nNeue Entwicklungen im Holzbau: Holz Hybrid<\/p>\n<p>10\/12<br \/>\nK\u00fcnstlerkolonien Peking, Internationaler Entwurf in Kooperation mit der Central Academy of Fine Arts (CAFA) Peking<\/p>\n<p>Von 10\/11 bis 03\/18<br \/>\nAkademischer Mitarbeiter am Institut f\u00fcr Baukonstruktion und Entwerfen Lehrstuhl 1 Universit\u00e4t Stuttgart<\/p>\n","protected":false},"excerpt":{"rendered":"<p>10\/17 Mi casa mi cuidad Buenos Aires\u00a0\u00a0\u00a0\u00a0\u00a0 \u00a0 \u00a0 \u00a0 \u00a0\u00a0\u00a0\u00a0\u00a0\u00a0\u00a0\u00a0\u00a0\u00a0\u00a0\u00a0\u00a0 \u00a0 \u00a0 \u00a0 \u00a0 \u00a0\u00a0 \u00a0\u00a0 \u00a0 \u00a0 \u00a0 \u00a0 \u00a0 \u00a0 \u00a0 \u00a0 \u00a0 \u00a0 \u00a0 \u00a0 \u00a0 \u00a0 \u00a0 \u00a0 \u00a0 \u00a0 \u00a0 \u00a0 \u00a0 \u00a0 \u00a0 \u00a0 \u00a0 \u00a0 \u00a0 \u00a0 \u00a0 \u00a0 \u00a0 \u00a0 \u00a0 \u00a0 \u00a0 \u00a0 \u00a0 \u00a0 [&hellip;]<\/p>\n","protected":false},"author":1,"featured_media":0,"parent":0,"menu_order":0,"comment_status":"closed","ping_status":"open","template":"","meta":{"advanced_seo_description":"","jetpack_seo_html_title":"","jetpack_seo_noindex":false,"footnotes":""},"class_list":["post-79","page","type-page","status-publish","hentry"],"jetpack_sharing_enabled":true,"_links":{"self":[{"href":"https:\/\/www.urban-architecture.com\/index.php?rest_route=\/wp\/v2\/pages\/79","targetHints":{"allow":["GET"]}}],"collection":[{"href":"https:\/\/www.urban-architecture.com\/index.php?rest_route=\/wp\/v2\/pages"}],"about":[{"href":"https:\/\/www.urban-architecture.com\/index.php?rest_route=\/wp\/v2\/types\/page"}],"author":[{"embeddable":true,"href":"https:\/\/www.urban-architecture.com\/index.php?rest_route=\/wp\/v2\/users\/1"}],"replies":[{"embeddable":true,"href":"https:\/\/www.urban-architecture.com\/index.php?rest_route=%2Fwp%2Fv2%2Fcomments&post=79"}],"version-history":[{"count":47,"href":"https:\/\/www.urban-architecture.com\/index.php?rest_route=\/wp\/v2\/pages\/79\/revisions"}],"predecessor-version":[{"id":730,"href":"https:\/\/www.urban-architecture.com\/index.php?rest_route=\/wp\/v2\/pages\/79\/revisions\/730"}],"wp:attachment":[{"href":"https:\/\/www.urban-architecture.com\/index.php?rest_route=%2Fwp%2Fv2%2Fmedia&parent=79"}],"curies":[{"name":"wp","href":"https:\/\/api.w.org\/{rel}","templated":true}]}}