{"id":999,"date":"2020-10-21T22:13:54","date_gmt":"2020-10-21T21:13:54","guid":{"rendered":"http:\/\/www.urban-architecture.com\/?page_id=999"},"modified":"2026-02-24T23:28:20","modified_gmt":"2026-02-24T22:28:20","slug":"buro","status":"publish","type":"page","link":"https:\/\/www.urban-architecture.com\/?page_id=999","title":{"rendered":"B\u00fcro"},"content":{"rendered":"\n<figure class=\"wp-block-image size-large\"><a href=\"https:\/\/i0.wp.com\/www.urban-architecture.com\/wp-content\/uploads\/2014\/10\/karte_s26_web.jpg?ssl=1\"><img data-recalc-dims=\"1\" loading=\"lazy\" decoding=\"async\" width=\"700\" height=\"525\" src=\"https:\/\/i0.wp.com\/www.urban-architecture.com\/wp-content\/uploads\/2014\/10\/karte_s26_web.jpg?resize=700%2C525&#038;ssl=1\" alt=\"\" class=\"wp-image-535\" srcset=\"https:\/\/i0.wp.com\/www.urban-architecture.com\/wp-content\/uploads\/2014\/10\/karte_s26_web.jpg?resize=1024%2C768&amp;ssl=1 1024w, https:\/\/i0.wp.com\/www.urban-architecture.com\/wp-content\/uploads\/2014\/10\/karte_s26_web.jpg?resize=300%2C225&amp;ssl=1 300w, https:\/\/i0.wp.com\/www.urban-architecture.com\/wp-content\/uploads\/2014\/10\/karte_s26_web.jpg?resize=768%2C576&amp;ssl=1 768w, https:\/\/i0.wp.com\/www.urban-architecture.com\/wp-content\/uploads\/2014\/10\/karte_s26_web.jpg?w=1200&amp;ssl=1 1200w\" sizes=\"auto, (max-width: 700px) 100vw, 700px\" \/><\/a><\/figure>\n\n\n<p>UA URBAN ARCHITECTURE<br \/>Freie Architekten<\/p>\n<p>Senefelderstrasse 26<br \/>70176 Stuttgart<\/p>\n<p>+49.(0)711.21729953<\/p>\n\n\n<p>office@urban-architecture.com<br>www.urban-architecture.com<\/p>\n\n\n\n<p>&#8211;<\/p>\n\n\n\n<p class=\"has-text-align-left\">B\u00fcro B\u00f6blingen<\/p>\n\n\n<p>Bussardstrasse 28<br \/>71032 B\u00f6blingen<\/p>\n<p>+49.(0)176.76454570<\/p>\n\n\n<p>&#8211;<\/p>\n\n\n\n<p>Team<\/p>\n\n\n\n<p>Dipl.-Ing. M.Arch. Marc Remshardt<br>Freier Architekt, AKBW<\/p>\n\n\n\n<p>M.Sc. David Frei<br>Architekt, AKBW<\/p>\n\n\n\n<p>&#8211;<\/p>\n\n\n\n<p>UA Urban Architecture waren:<\/p>\n\n\n\n<p>Mariella Schl\u00fcter, Valentin Martin, Felix Krummlauf, Sabine Merker, Marlene Metzger, Sophie Schmitt, Larissa Haas<\/p>\n\n\n\n<p>&#8211;<\/p>\n\n\n\n<p>Kontakt<\/p>\n\n\n\n<p>Allgemeine Anfragen:<br><a href=\"mailto:office@urban-architecture.com\"><span class=\"has-inline-color has-black-color\">office@urban-architecture.com<\/span><\/a><\/p>\n\n\n\n<p>Projektanfragen:<br><a href=\"mailto:remshardt@urban-architecture.com\"><span class=\"has-inline-color has-black-color\">remshardt@urban-architecture.com<\/span><\/a><\/p>\n\n\n\n<p>Job:<br><a href=\"mailto:office@urban-architecture.com\"><span class=\"has-inline-color has-black-color\">office@urban-architecture.com<\/span><\/a><\/p>\n\n\n\n<p>\u2013<\/p>\n\n\n\n<p>Impressum<\/p>\n\n\n\n<p>UA URBAN ARCHITECTURE<br>Freie Architekten<\/p>\n\n\n\n<p>Marc Remshardt<br>Senefelderstrasse 26<br>70176 Stuttgart<br>Germany<\/p>\n\n\n\n<p>+49.(0)711.21729953<\/p>\n\n\n\n<p>Umsatzsteueridentifikationsnummer:<br>DE289734062<\/p>\n\n\n\n<p>Urheberrecht:<br>Die in der Internetpr\u00e4senz enthaltenen Textbeitr\u00e4ge und Abbildungen<br>sind urheberrechtlich gesch\u00fctzt. Das Copyright liegt bei<br>UA URBAN ARCHITECTURE.<br>Alle Teile der Internetpr\u00e4senz unterliegen dem Copyright und sind<br>urheberrechtlich als Datensammelwerk gesch\u00fctzt. Jede Verwertung<br>bedarf der schriftlichen Zustimmung des Copyright-Inhabers.<\/p>\n\n\n\n<p>Haftungshinweis:<br>Trotz sorgf\u00e4ltiger inhaltlicher Kontrolle \u00fcbernehmen<br>wir keine Haftung f\u00fcr die Inhalte externer Links. F\u00fcr den Inhalt verlinkter<br>Seiten sind ausschlie\u00dflich deren Betreiber verantwortlich.<\/p>\n\n\n\n<p>Berufsrechtliche Regelungen:<br>Die Berufsbezeichnung \u201cArchitekt\u201d wurde in der Bundesrepublik Deutschland verliehen. Es gelten die Honorarordnung f\u00fcr Architekten und Ingenieure (HOAI) sowie die Berufsordnungen und berufsrechtlichen Regelungen der Architektenkammern. Weitere Informationen finden Sie auf den Internet-Seiten der Architektenkammer Baden-W\u00fcrttemberg.<\/p>\n\n\n\n<p>Zust\u00e4ndige Kammern:<br>Dipl.-Ing. MA Architekt Marc Remshardt ist unter der Nummer 087769 in die Architektenliste der Architektenkammer Baden-W\u00fcrttemberg eingetragen.<\/p>\n\n\n\n<p>Architektenkammer Baden-W\u00fcrttemberg<br>K\u00f6rperschaft des \u00d6ffentlichen Rechts<br>Danneckerstra\u00dfe 54<br>D-70182 Stuttgart<\/p>\n\n\n\n<p>&#8211;<\/p>\n\n\n\n<p>Informationen \u00fcber die Erhebung personenbezogener Daten auf unserer Homepage \/ Datenschutzerkl\u00e4rung:<\/p>\n\n\n\n<p>Sehr geehrte Besucherin, sehr geehrter Besucher unserer Homepage,<br>wir m\u00f6chten Sie dar\u00fcber informieren, dass beim Besuch unserer Homepage personenbezogene Daten erhoben werden. Personenbezogen sind Daten, die auf Sie pers\u00f6nlich beziehbar sind (z. B. Name, E-Mail, Nutzerverhalten). Wir als Betreiber dieser Webseite halten uns an die geltenden Datenschutzgesetze und erheben Daten nur in technisch notwendigem Umfang. Ihre Daten werden nur bei Vorhandensein einer gesetzlichen Grundlage oder Ihrer ausdr\u00fccklichen vorherigen Einwilligung weitergegeben.<\/p>\n\n\n\n<p>Verantwortlich f\u00fcr die Erhebung und Speicherung der Daten ist:<\/p>\n\n\n\n<p>UA Urban Architecture<br>Freie Architekten<\/p>\n\n\n\n<p>Marc Remshardt<br>Senefelderstrasse 26<br>70176 Stuttgart<br>Germany<\/p>\n\n\n\n<p>Unsere Homepage dient ausschlie\u00dflich der Bereitstellung von Informationen. Beim Besuch unserer Homepage werden nur die Daten erhoben, die von Ihrem Browser an unseren Server \u00fcbermittelt werden.<br>Diese Daten sind notwendig, damit Sie unsere Homepage angezeigt bekommen und auf ihr navigieren k\u00f6nnen. Rechtsgrundlage f\u00fcr die Erhebung der Daten ist Art. 6 Abs. 1 f) EU-Datenschutz-Grundverordnung. Im Einzelnen werden folgende Daten bei Ihrem Besuch unserer Homepage erhoben:<\/p>\n\n\n\n<ul class=\"wp-block-list\">\n<li>IP-Adresse<\/li>\n\n\n\n<li>Art des Browsers, sowie dessen Sprache und Version<\/li>\n\n\n\n<li>Betriebssystem<\/li>\n\n\n\n<li>Zugriffstatus\/http-Statuscode<\/li>\n\n\n\n<li>Datum und Uhrzeit der Anfrage, sowie die Zeitzone<\/li>\n\n\n\n<li>Inhalt der Anforderung und Homepage, von der sie kommt<\/li>\n\n\n\n<li>\u00dcbertragene Datenmenge<\/li>\n<\/ul>\n\n\n\n<p>Die L\u00f6schung dieser Daten erfolgt, wenn diese nicht mehr erforderlich sind. Ferner steht Ihnen ein Beschwerderecht beim f\u00fcr Sie zust\u00e4ndigen Landesbeauftragten f\u00fcr Datenschutz und Informationssicherheit des Bundeslandes Baden-W\u00fcrttemberg zu.<\/p>\n\n\n\n<p>Ihre Rechte hinsichtlich der bei uns \u00fcber Sie gespeicherten Daten:<\/p>\n\n\n\n<p>Sie haben uns gegen\u00fcber folgende Rechte:<\/p>\n\n\n\n<ul class=\"wp-block-list\">\n<li>Recht auf L\u00f6schung (gem. Art. 17 und 19 DSGVO)<\/li>\n\n\n\n<li>Recht auf Berichtigung (gem. Art. 16 und 19 DSGVO)<\/li>\n\n\n\n<li>Recht auf Daten\u00fcbertragbarkeit (gem. Art. 20 DSGVO)<\/li>\n\n\n\n<li>Recht auf Einschr\u00e4nkung der Verarbeitung (gem. Art. 18 und 19 DSGVO)<\/li>\n\n\n\n<li>Recht auf Auskunft (gem. Art. 15 DSGVO)<\/li>\n\n\n\n<li>Recht auf Widerspruch gegen die Verarbeitung (gem. Art. 21 DSGVO)<\/li>\n<\/ul>\n\n\n\n<p>Sie erhalten jederzeit unentgeltlich Auskunft \u00fcber die von uns gespeicherten personenbezogenen Daten zu Ihrer Person sowie zur Herkunft, dem Empf\u00e4nger und dem Zweck von Datenerhebung sowie Datenverarbeitung. Au\u00dferdem haben Sie das Recht, die Berichtigung, die Sperrung oder L\u00f6schung Ihrer Daten zu verlangen. Wenden Sie sich in diesem Fall per Post, Fax, E-Mail (bevorzugt) an die zu Beginn angegebenen Kontaktdaten des \/ der Verantwortlichen. Ausgenommen davon sind Daten, die aufgrund gesetzlicher Vorschriften aufbewahrt werden m\u00fcssen. Damit eine Datensperre jederzeit realisiert werden kann, werden Daten zu Kontrollzwecken in einer internen Sperrdatei vorgehalten. Werden Daten nicht von einer gesetzlichen Archivierungspflicht erfasst, l\u00f6schen wir Ihre Daten auf Ihren Wunsch. Greift die Archivierungspflicht, sperren wir Ihre Daten. F\u00fcr alle Fragen und Anliegen zur Berichtigung, Sperrung oder L\u00f6schung von personenbezogenen Daten wenden Sie sich bitte an die oben genannten Kontaktpersonen unter den Kontaktdaten in dieser Datenschutzerkl\u00e4rung.<\/p>\n\n\n\n<p>Cookies<\/p>\n\n\n\n<p>Zus\u00e4tzlich zu diesen Daten nutzen wir \u00fcber unsere Homepage auch Cookies. Dies sind kleine Textdateien, die nach Besuch unserer Homepage auf Ihrem Rechner (in Ihrem Browser) gespeichert werden. Sollten Sie unsere Homepage danach erneut besuchen, so sendet der von Ihnen genutzte Browser die in dem Cookie gespeicherten Informationen an unsere Homepage und kann ihnen so bspw. die Navigation erleichtern, weil Voreinstellungen \u00fcbernommen werden. Cookies sind keine Viren und k\u00f6nnen auch keine Schadsoftware oder Spionageprogramme auf dem Computer installieren. Sie sind kurze Texte, die zwischen Webserver und Browser ausgetauscht werden. Auf unserer Homepage werden folgende Arten von Cookies verwendet:<\/p>\n\n\n\n<p>Transiente Cookies (tempor\u00e4re Cookies)<\/p>\n\n\n\n<p>Diese Cookies werden nur f\u00fcr den Zeitraum der Nutzung Ihres Browsers gespeichert. Diese speichern eine sogenannte Session-ID, mit welcher sich verschiedene Anfragen Ihres Browsers der gemeinsamen Sitzung zuordnen lassen. Dadurch kann Ihr Rechner wiedererkannt werden, wenn Sie auf die Homepage zur\u00fcckkehren. Sobald Sie den Browser schlie\u00dfen, werden auch diese Cookies automatisch gel\u00f6scht.<\/p>\n\n\n\n<p>Persistente Cookies (zeitlich beschr\u00e4nkte Cookies)<\/p>\n\n\n\n<p>Diese Cookies unterscheiden sich von den Transienten Cookies lediglich dadurch, dass sie beim Schlie\u00dfen des Browsers nicht automatisch gel\u00f6scht werden, sondern erst nach einer voreingestellten Zeit. Sie k\u00f6nnen diese Cookies jedoch jederzeit \u00fcber die Einstellungen ihres Browsers l\u00f6schen.<br>Sie k\u00f6nnen unsere Homepage auch ohne den Einsatz von Cookies nutzen, wodurch m\u00f6glicherweise einige Darstellungen und Funktionen unseres Angebots nur eingeschr\u00e4nkt arbeiten. Wenn Sie die Cookies deaktivieren m\u00f6chten, k\u00f6nnen Sie das \u00fcber spezielle Einstellungen Ihres Browsers erreichen. Nutzen Sie dazu am besten die Hilfefunktion Ihres Browsers, um die entsprechenden \u00c4nderungen vorzunehmen. Online-Anzeigen-Cookies k\u00f6nnen Sie generell \u00fcber folgende Links anzeigen lassen und verwalten:<\/p>\n\n\n\n<p>Kontaktformular \/ E-Mail-Kontakt<\/p>\n\n\n\n<p>Wenn Sie uns per Kontaktformular auf unserer Homepage Terminw\u00fcnsche oder Anfragen zukommen lassen, werden die von Ihnen mitgeteilten Daten (E-Mail-Adresse, Name, Telefonnummer) gespeichert, um Ihre Fragen beantworten zu k\u00f6nnen. Rechtsgrundlage hierf\u00fcr ist Art 6 Abs. 1 lit. a DSGVO. Diese Daten werden gel\u00f6scht, sobald sie nicht mehr ben\u00f6tigt werden und keine gesetzlichen Aufbewahrungspflichten bestehen. Dritten werden diese Daten nicht zug\u00e4nglich gemacht. Bitte beachten Sie, dass wir Ihre Daten aus dem Kontaktformular per E-Mail in der Praxis erhalten. Die \u00dcbermittlung erfolgt verschl\u00fcsselt. EDV-Experten pflegen oft an den Grundsatz zu erinnern, dass Sie das, was Sie nicht als Postkarte versenden w\u00fcrden, auch nicht per E-Mail versenden sollten. Senden Sie uns daher bitte keinen vertraulichen Angaben \/ Daten per E-Mail oder \u00fcber das Kontaktformular der Homepage, sondern w\u00e4hlen Sie daf\u00fcr besser den Postweg oder das Telefon. Bitte haben Sie Verst\u00e4ndnis daf\u00fcr, dass wir f\u00fcr unverlangt zugesendete Daten \/ E-Mails jede Haftung ablehnen.<\/p>\n\n\n\n<p>Erhebung von Zugriffsdaten \/ Server Logfiles<\/p>\n\n\n\n<p>Rechtsgrundlage hierf\u00fcr ist Art 6 Abs. 1 lit. a DSGVO. Die Auslieferung und Darstellung der Inhalte \u00fcber unsere Homepage erfordert technisch die Erfassung bestimmter Daten. Mit Ihrem Zugriff auf unsere Homepage werden diese sogenannten Server-Logfiles durch uns oder den Provider des Webspace erfasst. Die entsprechenden Informationen bestehen aus dem Namen der Homepage, der Datei, dem aktuellen Datum, der Datenmenge, dem Webbrowser und seiner Version, dem eingesetzten Betriebssystem, dem Domain-Namen Ihres Internet-Providers, der Referrer-URL als jene Seite, von der Sie auf unsere Seite gewechselt sind, sowie der entsprechenden IP-Adresse. Diese Logfiles erlauben keinen R\u00fcckschluss auf Sie und Ihre Person. Wir nutzen diese Daten zur Darstellung und Auslieferung unserer Inhalte sowie zu statistischen Zwecken. Die Informationen unterst\u00fctzen die Bereitstellung und st\u00e4ndige Verbesserung unseres Angebots. Auch behalten wir uns vor, die erw\u00e4hnten Daten nachtr\u00e4glich zu pr\u00fcfen, sollte der Verdacht auf eine rechtswidrige Nutzung unseres Angebotes bestehen.<\/p>\n\n\n\n<p>Facebook Plug-In<\/p>\n\n\n\n<p>Wenn Sie nicht m\u00f6chten, dass Facebook \u00fcber unsere Homepage Daten \u00fcber Sie sammelt, m\u00fcssen Sie sich vor dem Besuch unserer Homepage bei Facebook ausloggen. Hintergrund:<br>Auf unserer Homepage werden so genannte Social Plug Ins (\u201cPlug-Ins\u201d) des sozialen Netzwerkes facebook.com verwendet, welches von der Facebook Inc., California 94025, 1 Hacker Way, Menlo Park, USA betrieben wird (\u201cFacebook\u201d).<br>Diese Plug-Ins sind mit einem Facebook Logo gekennzeichnet. Wenn Sie unsere Homepage aufrufen, baut Ihr Browser eine direkte Verbindung mit den Servern von Facebook auf. Der Inhalt des Plug-Ins wird von Facebook direkt an Ihren Browser \u00fcbermittelt und von diesem in die Homepage eingebunden. Durch die Einbindung der Plug-Ins erh\u00e4lt Facebook die Information, dass Sie die entsprechende Seite unserer Homepage aufgerufen haben. Sind Sie bei Facebook eingeloggt, kann Facebook den Besuch Ihrem Facebook-Konto zuordnen. Bitte beachten Sie, dass ein Austausch dieser Information bereits mit dem Besuch unserer Homepage stattfindet, unabh\u00e4ngig davon, ob Sie mit den Plug-Ins interagieren. Wenn Sie mit den Plug-Ins interagieren, zum Beispiel den \u201cGef\u00e4llt mir\u201d Button bet\u00e4tigen, wird die entsprechende Information von Ihrem Browser direkt an Facebook \u00fcbermittelt und dort gespeichert. F\u00fcr Facebook wird der Besuch auf unserer Seite Ihrem Benutzerkonto zugeordnet. Dabei haben wir keine Kenntnis dar\u00fcber, welcher Art die Inhalte sind, die an Facebook \u00fcbermittelt werden und wie Facebook diese nutzt. Zweck und Umfang der Datenerhebung und die weitere Verarbeitung und Nutzung der Daten durch Facebook sowie Ihre diesbez\u00fcglichen Rechte und Einstellungsm\u00f6glichkeiten zum Schutz Ihrer Privatsph\u00e4re entnehmen Sie bitte den Datenschutzhinweisen von Facebook ( http:\/\/www.facebook.com\/policy.php ).<\/p>\n\n\n\n<p>Wir behalten uns vor, diese Datenschutzerkl\u00e4rung jederzeit zu \u00e4ndern und \/ oder zu erg\u00e4nzen. Diese Datenschutzerkl\u00e4rung wurde erstellt mit freundlicher Unterst\u00fctzung von www.arzt-datenschutz.de.<\/p>\n","protected":false},"excerpt":{"rendered":"<p>UA URBAN ARCHITECTUREFreie Architekten Senefelderstrasse 2670176 Stuttgart +49.(0)711.21729953 office@urban-architecture.comwww.urban-architecture.com &#8211; B\u00fcro B\u00f6blingen Bussardstrasse 2871032 B\u00f6blingen +49.(0)176.76454570 &#8211; Team Dipl.-Ing. M.Arch. Marc RemshardtFreier Architekt, AKBW M.Sc. David FreiArchitekt, AKBW &#8211; UA Urban Architecture waren: Mariella Schl\u00fcter, Valentin Martin, Felix Krummlauf, Sabine Merker, Marlene Metzger, Sophie Schmitt, Larissa Haas &#8211; Kontakt Allgemeine Anfragen:office@urban-architecture.com Projektanfragen:remshardt@urban-architecture.com Job:office@urban-architecture.com \u2013 Impressum [&hellip;]<\/p>\n","protected":false},"author":1,"featured_media":0,"parent":0,"menu_order":0,"comment_status":"closed","ping_status":"closed","template":"","meta":{"advanced_seo_description":"","jetpack_seo_html_title":"","jetpack_seo_noindex":false,"footnotes":""},"class_list":["post-999","page","type-page","status-publish","hentry"],"jetpack_sharing_enabled":true,"_links":{"self":[{"href":"https:\/\/www.urban-architecture.com\/index.php?rest_route=\/wp\/v2\/pages\/999","targetHints":{"allow":["GET"]}}],"collection":[{"href":"https:\/\/www.urban-architecture.com\/index.php?rest_route=\/wp\/v2\/pages"}],"about":[{"href":"https:\/\/www.urban-architecture.com\/index.php?rest_route=\/wp\/v2\/types\/page"}],"author":[{"embeddable":true,"href":"https:\/\/www.urban-architecture.com\/index.php?rest_route=\/wp\/v2\/users\/1"}],"replies":[{"embeddable":true,"href":"https:\/\/www.urban-architecture.com\/index.php?rest_route=%2Fwp%2Fv2%2Fcomments&post=999"}],"version-history":[{"count":22,"href":"https:\/\/www.urban-architecture.com\/index.php?rest_route=\/wp\/v2\/pages\/999\/revisions"}],"predecessor-version":[{"id":1434,"href":"https:\/\/www.urban-architecture.com\/index.php?rest_route=\/wp\/v2\/pages\/999\/revisions\/1434"}],"wp:attachment":[{"href":"https:\/\/www.urban-architecture.com\/index.php?rest_route=%2Fwp%2Fv2%2Fmedia&parent=999"}],"curies":[{"name":"wp","href":"https:\/\/api.w.org\/{rel}","templated":true}]}}